{"id":8,"date":"2017-08-28T14:57:11","date_gmt":"2017-08-28T12:57:11","guid":{"rendered":"http:\/\/vivatv.webd.pl\/bal\/?page_id=1404"},"modified":"2017-08-28T14:57:11","modified_gmt":"2017-08-28T12:57:11","slug":"aukcje-2017","status":"publish","type":"page","link":"https:\/\/bal.vivadental.pl\/2017\/aukcje-2017\/","title":{"rendered":"Aukcje"},"content":{"rendered":"<p style=\"text-align: justify;\">Aby zaostrzy\u0107 apetyt przed jutrzejsz\u0105 aukcj\u0105 podczas balu, prezentujemy kilka wybranych atrakcji, kt\u00f3re b\u0119d\u0105 czeka\u0107 na Pa\u0144stwa.<\/p>\n<h3>1. Koszulka reprezentacji\u00a0 Niemiec w pi\u0142ce no\u017cnej z autografami pi\u0142karzy &#8211; pami\u0105tka z meczu p\u00f3\u0142fina\u0142owego\u00a0 Euro 2012.<\/h3>\n<p><img decoding=\"async\" loading=\"lazy\" class=\"alignnone wp-image-1505 size-full aligncenter\" src=\"http:\/\/vivatv.webd.pl\/bal\/wp-content\/uploads\/2017\/11\/licytacja-06.jpg\" alt=\"\" width=\"641\" height=\"841\" srcset=\"https:\/\/bal.vivadental.pl\/2017\/wp-content\/uploads\/2017\/11\/licytacja-06.jpg 641w, https:\/\/bal.vivadental.pl\/2017\/wp-content\/uploads\/2017\/11\/licytacja-06-305x400.jpg 305w\" sizes=\"(max-width: 641px) 100vw, 641px\" \/><\/p>\n<h3>2. Zdj\u0119cie autorstwa Zbigniewa Kosycarza przedstawiaj\u0105ce Lecha Wa\u0142\u0119s\u0119 w otoczeniu kibic\u00f3w na trybunach stadionu przy Traugutta podczas pucharowego meczu Lechia \u2013 Juventus (1983 r.).<\/h3>\n<p><img decoding=\"async\" loading=\"lazy\" class=\"alignnone wp-image-1504 size-full aligncenter\" src=\"http:\/\/vivatv.webd.pl\/bal\/wp-content\/uploads\/2017\/11\/licytacja-05.jpg\" alt=\"\" width=\"841\" height=\"567\" srcset=\"https:\/\/bal.vivadental.pl\/2017\/wp-content\/uploads\/2017\/11\/licytacja-05.jpg 841w, https:\/\/bal.vivadental.pl\/2017\/wp-content\/uploads\/2017\/11\/licytacja-05-500x337.jpg 500w, https:\/\/bal.vivadental.pl\/2017\/wp-content\/uploads\/2017\/11\/licytacja-05-768x518.jpg 768w\" sizes=\"(max-width: 841px) 100vw, 841px\" \/><\/p>\n<h3>3. Rafa\u0142 Olbi\u0144ski Inkografia &#8222;Manhattan Resurrection&#8221;, z certyfikatem (nr I z XX)<\/h3>\n<p><img decoding=\"async\" loading=\"lazy\" class=\"alignnone size-full wp-image-1508 aligncenter\" src=\"http:\/\/vivatv.webd.pl\/bal\/wp-content\/uploads\/2017\/11\/licytacja-09.jpg\" alt=\"\" width=\"699\" height=\"641\" srcset=\"https:\/\/bal.vivadental.pl\/2017\/wp-content\/uploads\/2017\/11\/licytacja-09.jpg 699w, https:\/\/bal.vivadental.pl\/2017\/wp-content\/uploads\/2017\/11\/licytacja-09-436x400.jpg 436w\" sizes=\"(max-width: 699px) 100vw, 699px\" \/><\/p>\n<h3>4. Kolacja i degustacja wina w towarzystwie Roberta Mak\u0142owicza w krakowskim Barze Wina.<\/h3>\n<p><img decoding=\"async\" loading=\"lazy\" class=\"alignnone size-full wp-image-1506 aligncenter\" src=\"http:\/\/vivatv.webd.pl\/bal\/wp-content\/uploads\/2017\/11\/licytacja-07.jpg\" alt=\"\" width=\"607\" height=\"841\" srcset=\"https:\/\/bal.vivadental.pl\/2017\/wp-content\/uploads\/2017\/11\/licytacja-07.jpg 607w, https:\/\/bal.vivadental.pl\/2017\/wp-content\/uploads\/2017\/11\/licytacja-07-289x400.jpg 289w\" sizes=\"(max-width: 607px) 100vw, 607px\" \/><\/p>\n<h3>5.\u00a0Ryszard Horowitz &#8211; Praca fotograficzna Peeling Desert, 2003, (100&#215;130)<\/h3>\n<p><img decoding=\"async\" loading=\"lazy\" class=\"alignnone size-full wp-image-1500 aligncenter\" src=\"http:\/\/vivatv.webd.pl\/bal\/wp-content\/uploads\/2017\/11\/licytacja-01.jpg\" alt=\"\" width=\"841\" height=\"609\" srcset=\"https:\/\/bal.vivadental.pl\/2017\/wp-content\/uploads\/2017\/11\/licytacja-01.jpg 841w, https:\/\/bal.vivadental.pl\/2017\/wp-content\/uploads\/2017\/11\/licytacja-01-500x362.jpg 500w, https:\/\/bal.vivadental.pl\/2017\/wp-content\/uploads\/2017\/11\/licytacja-01-768x556.jpg 768w\" sizes=\"(max-width: 841px) 100vw, 841px\" \/><\/p>\n<h3><\/h3>\n<h3>6.\u00a0Andrzej Mleczko- album z limitowanej edycji z dedykacj\u0105.<\/h3>\n<p><img decoding=\"async\" loading=\"lazy\" class=\"alignnone size-full wp-image-1501 aligncenter\" src=\"http:\/\/vivatv.webd.pl\/bal\/wp-content\/uploads\/2017\/11\/licytacja-02.jpg\" alt=\"\" width=\"841\" height=\"641\" srcset=\"https:\/\/bal.vivadental.pl\/2017\/wp-content\/uploads\/2017\/11\/licytacja-02.jpg 841w, https:\/\/bal.vivadental.pl\/2017\/wp-content\/uploads\/2017\/11\/licytacja-02-500x381.jpg 500w, https:\/\/bal.vivadental.pl\/2017\/wp-content\/uploads\/2017\/11\/licytacja-02-768x585.jpg 768w\" sizes=\"(max-width: 841px) 100vw, 841px\" \/><\/p>\n<p><img decoding=\"async\" loading=\"lazy\" class=\"alignnone size-full wp-image-1502 aligncenter\" src=\"http:\/\/vivatv.webd.pl\/bal\/wp-content\/uploads\/2017\/11\/licytacja-03.jpg\" alt=\"\" width=\"841\" height=\"641\" srcset=\"https:\/\/bal.vivadental.pl\/2017\/wp-content\/uploads\/2017\/11\/licytacja-03.jpg 841w, https:\/\/bal.vivadental.pl\/2017\/wp-content\/uploads\/2017\/11\/licytacja-03-500x381.jpg 500w, https:\/\/bal.vivadental.pl\/2017\/wp-content\/uploads\/2017\/11\/licytacja-03-768x585.jpg 768w\" sizes=\"(max-width: 841px) 100vw, 841px\" \/><\/p>\n<h3>7.\u00a0Koszulka Klubu Lechia Gda\u0144sk z autografami zawodnik\u00f3w oraz VOUCHER uprawniaj\u0105cy do obejrzenia dowolnego meczu ligowego w Lo\u017cy VIP<\/h3>\n<h3>8.\u00a0Rod Stewart \u2013 pi\u0142ka no\u017cna z autografem piosenkarza.<\/h3>\n<p><img decoding=\"async\" loading=\"lazy\" class=\"alignnone size-full wp-image-1507 aligncenter\" src=\"http:\/\/vivatv.webd.pl\/bal\/wp-content\/uploads\/2017\/11\/licytacja-08.jpg\" alt=\"\" width=\"641\" height=\"841\" srcset=\"https:\/\/bal.vivadental.pl\/2017\/wp-content\/uploads\/2017\/11\/licytacja-08.jpg 641w, https:\/\/bal.vivadental.pl\/2017\/wp-content\/uploads\/2017\/11\/licytacja-08-305x400.jpg 305w\" sizes=\"(max-width: 641px) 100vw, 641px\" \/><\/p>\n<h3>9.\u00a0Kolacja autorska Modesta Amaro w Atelier Amaro, w towarzystwie Mistrza.<\/h3>\n<p><img decoding=\"async\" loading=\"lazy\" class=\"alignnone size-full wp-image-1503 aligncenter\" src=\"http:\/\/vivatv.webd.pl\/bal\/wp-content\/uploads\/2017\/11\/licytacja-04.jpg\" alt=\"\" width=\"641\" height=\"841\" srcset=\"https:\/\/bal.vivadental.pl\/2017\/wp-content\/uploads\/2017\/11\/licytacja-04.jpg 641w, https:\/\/bal.vivadental.pl\/2017\/wp-content\/uploads\/2017\/11\/licytacja-04-305x400.jpg 305w\" sizes=\"(max-width: 641px) 100vw, 641px\" \/><\/p>\n<h3>10.\u00a0<span lang=\"DE\">Marcin Stefa\u0144ski &#8211; koszulka meczowa z autografami koszykarzy Trefla Sopot<\/span><\/h3>\n","protected":false},"excerpt":{"rendered":"<p>Aby zaostrzy\u0107 apetyt przed jutrzejsz\u0105 aukcj\u0105 podczas balu, prezentujemy kilka wybranych atrakcji, kt\u00f3re b\u0119d\u0105 czeka\u0107 na Pa\u0144stwa. 1. Koszulka reprezentacji\u00a0 Niemiec w pi\u0142ce no\u017cnej z autografami pi\u0142karzy &#8211; pami\u0105tka z meczu p\u00f3\u0142fina\u0142owego\u00a0 Euro 2012. 2. Zdj\u0119cie autorstwa Zbigniewa Kosycarza przedstawiaj\u0105ce Lecha Wa\u0142\u0119s\u0119 w otoczeniu kibic\u00f3w na trybunach stadionu przy Traugutta podczas pucharowego meczu Lechia \u2013 &#8230; <a title=\"Aukcje\" class=\"read-more\" href=\"https:\/\/bal.vivadental.pl\/2017\/aukcje-2017\/\" aria-label=\"More on Aukcje\">Read more<\/a><\/p>\n","protected":false},"author":1,"featured_media":0,"parent":0,"menu_order":0,"comment_status":"closed","ping_status":"closed","template":"","meta":{"_editorskit_title_hidden":false,"_editorskit_reading_time":0,"_editorskit_typography_data":[],"_editorskit_blocks_typography":"","_editorskit_is_block_options_detached":false,"_editorskit_block_options_position":"{}","_monsterinsights_skip_tracking":false,"_monsterinsights_sitenote_active":false,"_monsterinsights_sitenote_note":"","_monsterinsights_sitenote_category":0},"yoast_head":"<!-- This site is optimized with the Yoast SEO plugin v19.2 - https:\/\/yoast.com\/wordpress\/plugins\/seo\/ -->\n<title>Aukcje - Bal Vivadental - rok 2017<\/title>\n<meta name=\"robots\" content=\"index, follow, max-snippet:-1, max-image-preview:large, max-video-preview:-1\" \/>\n<link rel=\"canonical\" href=\"https:\/\/bal.vivadental.pl\/2017\/aukcje-2017\/\" \/>\n<meta property=\"og:locale\" content=\"pl_PL\" \/>\n<meta property=\"og:type\" content=\"article\" \/>\n<meta property=\"og:title\" content=\"Aukcje - Bal Vivadental - rok 2017\" \/>\n<meta property=\"og:description\" content=\"Aby zaostrzy\u0107 apetyt przed jutrzejsz\u0105 aukcj\u0105 podczas balu, prezentujemy kilka wybranych atrakcji, kt\u00f3re b\u0119d\u0105 czeka\u0107 na Pa\u0144stwa. 1. Koszulka reprezentacji\u00a0 Niemiec w pi\u0142ce no\u017cnej z autografami pi\u0142karzy &#8211; pami\u0105tka z meczu p\u00f3\u0142fina\u0142owego\u00a0 Euro 2012. 2. Zdj\u0119cie autorstwa Zbigniewa Kosycarza przedstawiaj\u0105ce Lecha Wa\u0142\u0119s\u0119 w otoczeniu kibic\u00f3w na trybunach stadionu przy Traugutta podczas pucharowego meczu Lechia \u2013 ... Read more\" \/>\n<meta property=\"og:url\" content=\"https:\/\/bal.vivadental.pl\/2017\/aukcje-2017\/\" \/>\n<meta property=\"og:site_name\" content=\"Bal Vivadental - rok 2017\" \/>\n<meta property=\"og:image\" content=\"http:\/\/vivatv.webd.pl\/bal\/wp-content\/uploads\/2017\/11\/licytacja-06.jpg\" \/>\n<meta name=\"author\" content=\"Jaros\u0142aw Szycik\" \/>\n<meta name=\"twitter:card\" content=\"summary_large_image\" \/>\n<meta name=\"twitter:label1\" content=\"Szacowany czas czytania\" \/>\n\t<meta name=\"twitter:data1\" content=\"1 minuta\" \/>\n<script type=\"application\/ld+json\" class=\"yoast-schema-graph\">{\"@context\":\"https:\/\/schema.org\",\"@graph\":[{\"@type\":\"WebSite\",\"@id\":\"https:\/\/bal.vivadental.pl\/2017\/#website\",\"url\":\"https:\/\/bal.vivadental.pl\/2017\/\",\"name\":\"Bal Vivadental - rok 2017\",\"description\":\"Bal Vivadental - rok 2017\",\"potentialAction\":[{\"@type\":\"SearchAction\",\"target\":{\"@type\":\"EntryPoint\",\"urlTemplate\":\"https:\/\/bal.vivadental.pl\/2017\/?s={search_term_string}\"},\"query-input\":\"required name=search_term_string\"}],\"inLanguage\":\"pl-PL\"},{\"@type\":\"ImageObject\",\"inLanguage\":\"pl-PL\",\"@id\":\"https:\/\/bal.vivadental.pl\/2017\/aukcje-2017\/#primaryimage\",\"url\":\"http:\/\/vivatv.webd.pl\/bal\/wp-content\/uploads\/2017\/11\/licytacja-06.jpg\",\"contentUrl\":\"http:\/\/vivatv.webd.pl\/bal\/wp-content\/uploads\/2017\/11\/licytacja-06.jpg\"},{\"@type\":\"WebPage\",\"@id\":\"https:\/\/bal.vivadental.pl\/2017\/aukcje-2017\/#webpage\",\"url\":\"https:\/\/bal.vivadental.pl\/2017\/aukcje-2017\/\",\"name\":\"Aukcje - Bal Vivadental - rok 2017\",\"isPartOf\":{\"@id\":\"https:\/\/bal.vivadental.pl\/2017\/#website\"},\"primaryImageOfPage\":{\"@id\":\"https:\/\/bal.vivadental.pl\/2017\/aukcje-2017\/#primaryimage\"},\"datePublished\":\"2017-08-28T12:57:11+00:00\",\"dateModified\":\"2017-08-28T12:57:11+00:00\",\"breadcrumb\":{\"@id\":\"https:\/\/bal.vivadental.pl\/2017\/aukcje-2017\/#breadcrumb\"},\"inLanguage\":\"pl-PL\",\"potentialAction\":[{\"@type\":\"ReadAction\",\"target\":[\"https:\/\/bal.vivadental.pl\/2017\/aukcje-2017\/\"]}]},{\"@type\":\"BreadcrumbList\",\"@id\":\"https:\/\/bal.vivadental.pl\/2017\/aukcje-2017\/#breadcrumb\",\"itemListElement\":[{\"@type\":\"ListItem\",\"position\":1,\"name\":\"Strona g\u0142\u00f3wna\",\"item\":\"https:\/\/bal.vivadental.pl\/2017\/\"},{\"@type\":\"ListItem\",\"position\":2,\"name\":\"Aukcje\"}]}]}<\/script>\n<!-- \/ Yoast SEO plugin. -->","yoast_head_json":{"title":"Aukcje - Bal Vivadental - rok 2017","robots":{"index":"index","follow":"follow","max-snippet":"max-snippet:-1","max-image-preview":"max-image-preview:large","max-video-preview":"max-video-preview:-1"},"canonical":"https:\/\/bal.vivadental.pl\/2017\/aukcje-2017\/","og_locale":"pl_PL","og_type":"article","og_title":"Aukcje - Bal Vivadental - rok 2017","og_description":"Aby zaostrzy\u0107 apetyt przed jutrzejsz\u0105 aukcj\u0105 podczas balu, prezentujemy kilka wybranych atrakcji, kt\u00f3re b\u0119d\u0105 czeka\u0107 na Pa\u0144stwa. 1. Koszulka reprezentacji\u00a0 Niemiec w pi\u0142ce no\u017cnej z autografami pi\u0142karzy &#8211; pami\u0105tka z meczu p\u00f3\u0142fina\u0142owego\u00a0 Euro 2012. 2. Zdj\u0119cie autorstwa Zbigniewa Kosycarza przedstawiaj\u0105ce Lecha Wa\u0142\u0119s\u0119 w otoczeniu kibic\u00f3w na trybunach stadionu przy Traugutta podczas pucharowego meczu Lechia \u2013 ... Read more","og_url":"https:\/\/bal.vivadental.pl\/2017\/aukcje-2017\/","og_site_name":"Bal Vivadental - rok 2017","og_image":[{"url":"http:\/\/vivatv.webd.pl\/bal\/wp-content\/uploads\/2017\/11\/licytacja-06.jpg"}],"author":"Jaros\u0142aw Szycik","twitter_card":"summary_large_image","twitter_misc":{"Szacowany czas czytania":"1 minuta"},"schema":{"@context":"https:\/\/schema.org","@graph":[{"@type":"WebSite","@id":"https:\/\/bal.vivadental.pl\/2017\/#website","url":"https:\/\/bal.vivadental.pl\/2017\/","name":"Bal Vivadental - rok 2017","description":"Bal Vivadental - rok 2017","potentialAction":[{"@type":"SearchAction","target":{"@type":"EntryPoint","urlTemplate":"https:\/\/bal.vivadental.pl\/2017\/?s={search_term_string}"},"query-input":"required name=search_term_string"}],"inLanguage":"pl-PL"},{"@type":"ImageObject","inLanguage":"pl-PL","@id":"https:\/\/bal.vivadental.pl\/2017\/aukcje-2017\/#primaryimage","url":"http:\/\/vivatv.webd.pl\/bal\/wp-content\/uploads\/2017\/11\/licytacja-06.jpg","contentUrl":"http:\/\/vivatv.webd.pl\/bal\/wp-content\/uploads\/2017\/11\/licytacja-06.jpg"},{"@type":"WebPage","@id":"https:\/\/bal.vivadental.pl\/2017\/aukcje-2017\/#webpage","url":"https:\/\/bal.vivadental.pl\/2017\/aukcje-2017\/","name":"Aukcje - Bal Vivadental - rok 2017","isPartOf":{"@id":"https:\/\/bal.vivadental.pl\/2017\/#website"},"primaryImageOfPage":{"@id":"https:\/\/bal.vivadental.pl\/2017\/aukcje-2017\/#primaryimage"},"datePublished":"2017-08-28T12:57:11+00:00","dateModified":"2017-08-28T12:57:11+00:00","breadcrumb":{"@id":"https:\/\/bal.vivadental.pl\/2017\/aukcje-2017\/#breadcrumb"},"inLanguage":"pl-PL","potentialAction":[{"@type":"ReadAction","target":["https:\/\/bal.vivadental.pl\/2017\/aukcje-2017\/"]}]},{"@type":"BreadcrumbList","@id":"https:\/\/bal.vivadental.pl\/2017\/aukcje-2017\/#breadcrumb","itemListElement":[{"@type":"ListItem","position":1,"name":"Strona g\u0142\u00f3wna","item":"https:\/\/bal.vivadental.pl\/2017\/"},{"@type":"ListItem","position":2,"name":"Aukcje"}]}]}},"_links":{"self":[{"href":"https:\/\/bal.vivadental.pl\/2017\/wp-json\/wp\/v2\/pages\/8"}],"collection":[{"href":"https:\/\/bal.vivadental.pl\/2017\/wp-json\/wp\/v2\/pages"}],"about":[{"href":"https:\/\/bal.vivadental.pl\/2017\/wp-json\/wp\/v2\/types\/page"}],"author":[{"embeddable":true,"href":"https:\/\/bal.vivadental.pl\/2017\/wp-json\/wp\/v2\/users\/1"}],"replies":[{"embeddable":true,"href":"https:\/\/bal.vivadental.pl\/2017\/wp-json\/wp\/v2\/comments?post=8"}],"version-history":[{"count":0,"href":"https:\/\/bal.vivadental.pl\/2017\/wp-json\/wp\/v2\/pages\/8\/revisions"}],"wp:attachment":[{"href":"https:\/\/bal.vivadental.pl\/2017\/wp-json\/wp\/v2\/media?parent=8"}],"curies":[{"name":"wp","href":"https:\/\/api.w.org\/{rel}","templated":true}]}}