{"id":18,"date":"2016-09-17T11:49:33","date_gmt":"2016-09-17T09:49:33","guid":{"rendered":"http:\/\/vivatv.webd.pl\/bal\/?page_id=15"},"modified":"2016-09-17T11:49:33","modified_gmt":"2016-09-17T09:49:33","slug":"wideo","status":"publish","type":"page","link":"https:\/\/bal.vivadental.pl\/2017\/wideo\/","title":{"rendered":"Video"},"content":{"rendered":"<h2>Send me an Angel dla Podopiecznych Vivadental<\/h2>\n<p>[youtube video=DtE3WjxBQa8]<\/p>\n<h2>SCORPIONS pozdrawia VIVADENTAL<\/h2>\n<p>[youtube video=GwnImsVcqzI]<\/p>\n<h2>Podopieczni Vivadental &#8211; OLIGODONCJA &#8211; 2017<\/h2>\n<p>[youtube video=4pB9yWx8KzM]<\/p>\n<h2>BAL VIVADENTAL &#8211; REPORTA\u017b<\/h2>\n<p>[youtube video=bcyuHA61TIE]<\/p>\n<h2>ZDROWY U\u015aMIECH DLA DZIECI<\/h2>\n<p>[youtube video=P_JZtgSYTH4]<\/p>\n<h2>VIVADENTAL PODOPIECZNI FUNDACJI Z OLIGODONCJ\u0104<\/h2>\n<p>[youtube video=ua5v7u51ojI]<\/p>\n<h2>Send me an Angel dla Podopiecznych Vivadental<\/h2>\n<p>[youtube video=r3nTLLxTHwY]<\/p>\n","protected":false},"excerpt":{"rendered":"<p>Send me an Angel dla Podopiecznych Vivadental [youtube video=DtE3WjxBQa8] SCORPIONS pozdrawia VIVADENTAL [youtube video=GwnImsVcqzI] Podopieczni Vivadental &#8211; OLIGODONCJA &#8211; 2017 [youtube video=4pB9yWx8KzM] BAL VIVADENTAL &#8211; REPORTA\u017b [youtube video=bcyuHA61TIE] ZDROWY U\u015aMIECH DLA DZIECI [youtube video=P_JZtgSYTH4] VIVADENTAL PODOPIECZNI FUNDACJI Z OLIGODONCJ\u0104 [youtube video=ua5v7u51ojI] Send me an Angel dla Podopiecznych Vivadental [youtube video=r3nTLLxTHwY]<\/p>\n","protected":false},"author":1,"featured_media":0,"parent":0,"menu_order":0,"comment_status":"closed","ping_status":"closed","template":"","meta":{"_editorskit_title_hidden":false,"_editorskit_reading_time":0,"_editorskit_typography_data":[],"_editorskit_blocks_typography":"","_editorskit_is_block_options_detached":false,"_editorskit_block_options_position":"{}","_monsterinsights_skip_tracking":false,"_monsterinsights_sitenote_active":false,"_monsterinsights_sitenote_note":"","_monsterinsights_sitenote_category":0},"yoast_head":"<!-- This site is optimized with the Yoast SEO plugin v19.2 - https:\/\/yoast.com\/wordpress\/plugins\/seo\/ -->\n<title>Video - Bal Vivadental - rok 2017<\/title>\n<meta name=\"robots\" content=\"index, follow, max-snippet:-1, max-image-preview:large, max-video-preview:-1\" \/>\n<link rel=\"canonical\" href=\"https:\/\/bal.vivadental.pl\/2017\/wideo\/\" \/>\n<meta property=\"og:locale\" content=\"pl_PL\" \/>\n<meta property=\"og:type\" content=\"article\" \/>\n<meta property=\"og:title\" content=\"Video - Bal Vivadental - rok 2017\" \/>\n<meta property=\"og:description\" content=\"Send me an Angel dla Podopiecznych Vivadental [youtube video=DtE3WjxBQa8] SCORPIONS pozdrawia VIVADENTAL [youtube video=GwnImsVcqzI] Podopieczni Vivadental &#8211; OLIGODONCJA &#8211; 2017 [youtube video=4pB9yWx8KzM] BAL VIVADENTAL &#8211; REPORTA\u017b [youtube video=bcyuHA61TIE] ZDROWY U\u015aMIECH DLA DZIECI [youtube video=P_JZtgSYTH4] VIVADENTAL PODOPIECZNI FUNDACJI Z OLIGODONCJ\u0104 [youtube video=ua5v7u51ojI] Send me an Angel dla Podopiecznych Vivadental [youtube video=r3nTLLxTHwY]\" \/>\n<meta property=\"og:url\" content=\"https:\/\/bal.vivadental.pl\/2017\/wideo\/\" \/>\n<meta property=\"og:site_name\" content=\"Bal Vivadental - rok 2017\" \/>\n<meta name=\"author\" content=\"Jaros\u0142aw Szycik\" \/>\n<meta name=\"twitter:card\" content=\"summary_large_image\" \/>\n<script type=\"application\/ld+json\" class=\"yoast-schema-graph\">{\"@context\":\"https:\/\/schema.org\",\"@graph\":[{\"@type\":\"WebSite\",\"@id\":\"https:\/\/bal.vivadental.pl\/2017\/#website\",\"url\":\"https:\/\/bal.vivadental.pl\/2017\/\",\"name\":\"Bal Vivadental - rok 2017\",\"description\":\"Bal Vivadental - rok 2017\",\"potentialAction\":[{\"@type\":\"SearchAction\",\"target\":{\"@type\":\"EntryPoint\",\"urlTemplate\":\"https:\/\/bal.vivadental.pl\/2017\/?s={search_term_string}\"},\"query-input\":\"required name=search_term_string\"}],\"inLanguage\":\"pl-PL\"},{\"@type\":\"WebPage\",\"@id\":\"https:\/\/bal.vivadental.pl\/2017\/wideo\/#webpage\",\"url\":\"https:\/\/bal.vivadental.pl\/2017\/wideo\/\",\"name\":\"Video - Bal Vivadental - rok 2017\",\"isPartOf\":{\"@id\":\"https:\/\/bal.vivadental.pl\/2017\/#website\"},\"datePublished\":\"2016-09-17T09:49:33+00:00\",\"dateModified\":\"2016-09-17T09:49:33+00:00\",\"breadcrumb\":{\"@id\":\"https:\/\/bal.vivadental.pl\/2017\/wideo\/#breadcrumb\"},\"inLanguage\":\"pl-PL\",\"potentialAction\":[{\"@type\":\"ReadAction\",\"target\":[\"https:\/\/bal.vivadental.pl\/2017\/wideo\/\"]}]},{\"@type\":\"BreadcrumbList\",\"@id\":\"https:\/\/bal.vivadental.pl\/2017\/wideo\/#breadcrumb\",\"itemListElement\":[{\"@type\":\"ListItem\",\"position\":1,\"name\":\"Strona g\u0142\u00f3wna\",\"item\":\"https:\/\/bal.vivadental.pl\/2017\/\"},{\"@type\":\"ListItem\",\"position\":2,\"name\":\"Video\"}]}]}<\/script>\n<!-- \/ Yoast SEO plugin. -->","yoast_head_json":{"title":"Video - Bal Vivadental - rok 2017","robots":{"index":"index","follow":"follow","max-snippet":"max-snippet:-1","max-image-preview":"max-image-preview:large","max-video-preview":"max-video-preview:-1"},"canonical":"https:\/\/bal.vivadental.pl\/2017\/wideo\/","og_locale":"pl_PL","og_type":"article","og_title":"Video - Bal Vivadental - rok 2017","og_description":"Send me an Angel dla Podopiecznych Vivadental [youtube video=DtE3WjxBQa8] SCORPIONS pozdrawia VIVADENTAL [youtube video=GwnImsVcqzI] Podopieczni Vivadental &#8211; OLIGODONCJA &#8211; 2017 [youtube video=4pB9yWx8KzM] BAL VIVADENTAL &#8211; REPORTA\u017b [youtube video=bcyuHA61TIE] ZDROWY U\u015aMIECH DLA DZIECI [youtube video=P_JZtgSYTH4] VIVADENTAL PODOPIECZNI FUNDACJI Z OLIGODONCJ\u0104 [youtube video=ua5v7u51ojI] Send me an Angel dla Podopiecznych Vivadental [youtube video=r3nTLLxTHwY]","og_url":"https:\/\/bal.vivadental.pl\/2017\/wideo\/","og_site_name":"Bal Vivadental - rok 2017","author":"Jaros\u0142aw Szycik","twitter_card":"summary_large_image","schema":{"@context":"https:\/\/schema.org","@graph":[{"@type":"WebSite","@id":"https:\/\/bal.vivadental.pl\/2017\/#website","url":"https:\/\/bal.vivadental.pl\/2017\/","name":"Bal Vivadental - rok 2017","description":"Bal Vivadental - rok 2017","potentialAction":[{"@type":"SearchAction","target":{"@type":"EntryPoint","urlTemplate":"https:\/\/bal.vivadental.pl\/2017\/?s={search_term_string}"},"query-input":"required name=search_term_string"}],"inLanguage":"pl-PL"},{"@type":"WebPage","@id":"https:\/\/bal.vivadental.pl\/2017\/wideo\/#webpage","url":"https:\/\/bal.vivadental.pl\/2017\/wideo\/","name":"Video - Bal Vivadental - rok 2017","isPartOf":{"@id":"https:\/\/bal.vivadental.pl\/2017\/#website"},"datePublished":"2016-09-17T09:49:33+00:00","dateModified":"2016-09-17T09:49:33+00:00","breadcrumb":{"@id":"https:\/\/bal.vivadental.pl\/2017\/wideo\/#breadcrumb"},"inLanguage":"pl-PL","potentialAction":[{"@type":"ReadAction","target":["https:\/\/bal.vivadental.pl\/2017\/wideo\/"]}]},{"@type":"BreadcrumbList","@id":"https:\/\/bal.vivadental.pl\/2017\/wideo\/#breadcrumb","itemListElement":[{"@type":"ListItem","position":1,"name":"Strona g\u0142\u00f3wna","item":"https:\/\/bal.vivadental.pl\/2017\/"},{"@type":"ListItem","position":2,"name":"Video"}]}]}},"_links":{"self":[{"href":"https:\/\/bal.vivadental.pl\/2017\/wp-json\/wp\/v2\/pages\/18"}],"collection":[{"href":"https:\/\/bal.vivadental.pl\/2017\/wp-json\/wp\/v2\/pages"}],"about":[{"href":"https:\/\/bal.vivadental.pl\/2017\/wp-json\/wp\/v2\/types\/page"}],"author":[{"embeddable":true,"href":"https:\/\/bal.vivadental.pl\/2017\/wp-json\/wp\/v2\/users\/1"}],"replies":[{"embeddable":true,"href":"https:\/\/bal.vivadental.pl\/2017\/wp-json\/wp\/v2\/comments?post=18"}],"version-history":[{"count":0,"href":"https:\/\/bal.vivadental.pl\/2017\/wp-json\/wp\/v2\/pages\/18\/revisions"}],"wp:attachment":[{"href":"https:\/\/bal.vivadental.pl\/2017\/wp-json\/wp\/v2\/media?parent=18"}],"curies":[{"name":"wp","href":"https:\/\/api.w.org\/{rel}","templated":true}]}}